{"id":45,"date":"2020-07-20T08:04:51","date_gmt":"2020-07-20T08:04:51","guid":{"rendered":"https:\/\/www.drukarniarapida.pl\/index.php\/home\/"},"modified":"2024-03-07T13:13:50","modified_gmt":"2024-03-07T13:13:50","slug":"home","status":"publish","type":"page","link":"https:\/\/www.drukarniarapida.pl\/","title":{"rendered":"Home"},"content":{"rendered":"\t\t<div data-elementor-type=\"wp-page\" data-elementor-id=\"45\" class=\"elementor elementor-45\">\n\t\t\t\t\t\t<section class=\"elementor-section elementor-top-section elementor-element elementor-element-f3d9a4b elementor-section-boxed elementor-section-height-default elementor-section-height-default\" data-id=\"f3d9a4b\" data-element_type=\"section\">\n\t\t\t\t\t\t<div class=\"elementor-container elementor-column-gap-no\">\n\t\t\t\t\t<div class=\"aux-parallax-section elementor-column elementor-col-100 elementor-top-column elementor-element elementor-element-833d4d0 aux-appear-watch-animation aux-scale-down\" data-id=\"833d4d0\" data-element_type=\"column\">\n\t\t\t<div class=\"elementor-widget-wrap elementor-element-populated\">\n\t\t\t\t\t\t<section class=\"elementor-section elementor-inner-section elementor-element elementor-element-03941ee elementor-section-height-min-height elementor-section-boxed elementor-section-height-default\" data-id=\"03941ee\" data-element_type=\"section\" data-settings=\"{&quot;background_background&quot;:&quot;classic&quot;}\">\n\t\t\t\t\t\t\t<div class=\"elementor-background-overlay\"><\/div>\n\t\t\t\t\t\t\t<div class=\"elementor-container elementor-column-gap-no\">\n\t\t\t\t\t<div class=\"aux-parallax-section elementor-column elementor-col-50 elementor-inner-column elementor-element elementor-element-b117006\" data-id=\"b117006\" data-element_type=\"column\">\n\t\t\t<div class=\"elementor-widget-wrap elementor-element-populated\">\n\t\t\t\t\t\t<div class=\"elementor-element elementor-element-a87b39e aux-appear-watch-animation aux-scale-down elementor-widget elementor-widget-aux_modern_heading\" data-id=\"a87b39e\" data-element_type=\"widget\" data-widget_type=\"aux_modern_heading.default\">\n\t\t\t\t<div class=\"elementor-widget-container\">\n\t\t\t<section class=\"aux-widget-modern-heading\">\n            <div class=\"aux-widget-inner\"><h2 class=\"aux-modern-heading-primary\">KALENDARIA jednodzielne i tr\u00f3jdzielne <span style=\"color: yellow\">2024<\/span> ju\u017c w sprzeda\u017cy <\/h2><p class=\"aux-modern-heading-secondary\"><span class=\"aux-head-before\">tel. 510 70 50 21<\/span><\/p><\/div>\n        <\/section>\t\t<\/div>\n\t\t\t\t<\/div>\n\t\t\t\t\t<\/div>\n\t\t<\/div>\n\t\t\t\t<div class=\"aux-parallax-section elementor-column elementor-col-50 elementor-inner-column elementor-element elementor-element-2369012\" data-id=\"2369012\" data-element_type=\"column\">\n\t\t\t<div class=\"elementor-widget-wrap\">\n\t\t\t\t\t\t\t<\/div>\n\t\t<\/div>\n\t\t\t\t\t<\/div>\n\t\t<\/section>\n\t\t\t\t\t<\/div>\n\t\t<\/div>\n\t\t\t\t\t<\/div>\n\t\t<\/section>\n\t\t\t\t<section class=\"elementor-section elementor-top-section elementor-element elementor-element-72cf116 elementor-section-boxed elementor-section-height-default elementor-section-height-default\" data-id=\"72cf116\" data-element_type=\"section\" id=\"video\">\n\t\t\t\t\t\t<div class=\"elementor-container elementor-column-gap-no\">\n\t\t\t\t\t<div class=\"aux-parallax-section elementor-column elementor-col-100 elementor-top-column elementor-element elementor-element-8c4f366\" data-id=\"8c4f366\" data-element_type=\"column\">\n\t\t\t<div class=\"elementor-widget-wrap elementor-element-populated\">\n\t\t\t\t\t\t<div class=\"elementor-element elementor-element-3772d82 aux-appear-watch-animation aux-fade-in-up elementor-widget elementor-widget-aux_modern_heading\" data-id=\"3772d82\" data-element_type=\"widget\" data-widget_type=\"aux_modern_heading.default\">\n\t\t\t\t<div class=\"elementor-widget-container\">\n\t\t\t<section class=\"aux-widget-modern-heading\">\n            <div class=\"aux-widget-inner\"><p class=\"aux-modern-heading-primary\">Druk Cyfrowy i Offsetowy:<\/p><h3 class=\"aux-modern-heading-secondary\"><span class=\"aux-head-before\">Profesjonalne Us\u0142ugi Druku<\/span><\/h3><\/div>\n        <\/section>\t\t<\/div>\n\t\t\t\t<\/div>\n\t\t\t\t\t<\/div>\n\t\t<\/div>\n\t\t\t\t\t<\/div>\n\t\t<\/section>\n\t\t\t\t<section class=\"elementor-section elementor-top-section elementor-element elementor-element-6703f2b elementor-section-boxed elementor-section-height-default elementor-section-height-default\" data-id=\"6703f2b\" data-element_type=\"section\">\n\t\t\t\t\t\t<div class=\"elementor-container elementor-column-gap-default\">\n\t\t\t\t\t<div class=\"aux-parallax-section elementor-column elementor-col-100 elementor-top-column elementor-element elementor-element-5650344\" data-id=\"5650344\" data-element_type=\"column\">\n\t\t\t<div class=\"elementor-widget-wrap elementor-element-populated\">\n\t\t\t\t\t\t<div class=\"elementor-element elementor-element-6c358b8 elementor-widget elementor-widget-text-editor\" data-id=\"6c358b8\" data-element_type=\"widget\" data-widget_type=\"text-editor.default\">\n\t\t\t\t<div class=\"elementor-widget-container\">\n\t\t\t\t\t\t\t<p style=\"text-align: center;\">Witamy na naszej stronie, gdzie zapewniamy wysokiej jako\u015bci us\u0142ugi druku cyfrowego i offsetowego. Jeste\u015bmy do\u015bwiadczonym dostawc\u0105 druku, specjalizuj\u0105cym si\u0119 w r\u00f3\u017cnorodnych materia\u0142ach reklamowych, takich jak wizyt\u00f3wki, ulotki, plakaty, druki samokopiuj\u0105ce i wiele innych. Dzi\u0119ki naszej nowoczesnej technologii i zaanga\u017cowanemu zespo\u0142owi, jeste\u015bmy w stanie spe\u0142ni\u0107 wszelkie Pa\u0144stwa potrzeby w dziedzinie druku.<\/p>\t\t\t\t\t\t<\/div>\n\t\t\t\t<\/div>\n\t\t\t\t\t<\/div>\n\t\t<\/div>\n\t\t\t\t\t<\/div>\n\t\t<\/section>\n\t\t\t\t<section class=\"elementor-section elementor-top-section elementor-element elementor-element-3f490a2 elementor-section-boxed elementor-section-height-default elementor-section-height-default\" data-id=\"3f490a2\" data-element_type=\"section\">\n\t\t\t\t\t\t<div class=\"elementor-container elementor-column-gap-default\">\n\t\t\t\t\t<div class=\"aux-parallax-section elementor-column elementor-col-100 elementor-top-column elementor-element elementor-element-3a46ced\" data-id=\"3a46ced\" data-element_type=\"column\">\n\t\t\t<div class=\"elementor-widget-wrap elementor-element-populated\">\n\t\t\t\t\t\t<div class=\"elementor-element elementor-element-c78d523 elementor-widget elementor-widget-heading\" data-id=\"c78d523\" data-element_type=\"widget\" data-widget_type=\"heading.default\">\n\t\t\t\t<div class=\"elementor-widget-container\">\n\t\t\t<h2 class=\"elementor-heading-title elementor-size-default\">Druk cyfrowy<\/h2>\t\t<\/div>\n\t\t\t\t<\/div>\n\t\t\t\t<div class=\"elementor-element elementor-element-d8aa02e elementor-widget elementor-widget-text-editor\" data-id=\"d8aa02e\" data-element_type=\"widget\" data-widget_type=\"text-editor.default\">\n\t\t\t\t<div class=\"elementor-widget-container\">\n\t\t\t\t\t\t\t<p style=\"text-align: center;\">Nasza technologia druku cyfrowego umo\u017cliwia elastyczno\u015b\u0107 i szybko\u015b\u0107 realizacji zlece\u0144. Mo\u017cemy dostarczy\u0107 kr\u00f3tkie serie druk\u00f3w wysokiej jako\u015bci w kr\u00f3tkim czasie. Bez konieczno\u015bci wykonywania p\u0142yt czy matryc, mo\u017cemy natychmiast przyst\u0105pi\u0107 do drukowania Pa\u0144stwa materia\u0142\u00f3w reklamowych.<\/p>\t\t\t\t\t\t<\/div>\n\t\t\t\t<\/div>\n\t\t\t\t<div class=\"elementor-element elementor-element-6dc2564 elementor-widget elementor-widget-heading\" data-id=\"6dc2564\" data-element_type=\"widget\" data-widget_type=\"heading.default\">\n\t\t\t\t<div class=\"elementor-widget-container\">\n\t\t\t<h2 class=\"elementor-heading-title elementor-size-default\">Druk offsetowy<\/h2>\t\t<\/div>\n\t\t\t\t<\/div>\n\t\t\t\t<div class=\"elementor-element elementor-element-cf0ee89 elementor-widget elementor-widget-text-editor\" data-id=\"cf0ee89\" data-element_type=\"widget\" data-widget_type=\"text-editor.default\">\n\t\t\t\t<div class=\"elementor-widget-container\">\n\t\t\t\t\t\t\t<p style=\"text-align: center;\">Dla wi\u0119kszych zam\u00f3wie\u0144 lub projekt\u00f3w wymagaj\u0105cych doskona\u0142ej jako\u015bci, oferujemy druk offsetowy. Ta tradycyjna metoda druku gwarantuje doskona\u0142\u0105 precyzj\u0119 kolor\u00f3w i wyrazisto\u015b\u0107 obraz\u00f3w. Dzi\u0119ki naszemu zaawansowanemu parkowi maszynowemu i do\u015bwiadczonemu personelowi jeste\u015bmy w stanie sprosta\u0107 najbardziej wymagaj\u0105cym projektom.<\/p>\t\t\t\t\t\t<\/div>\n\t\t\t\t<\/div>\n\t\t\t\t\t<\/div>\n\t\t<\/div>\n\t\t\t\t\t<\/div>\n\t\t<\/section>\n\t\t\t\t<section class=\"elementor-section elementor-top-section elementor-element elementor-element-a756fdc elementor-section-boxed elementor-section-height-default elementor-section-height-default\" data-id=\"a756fdc\" data-element_type=\"section\">\n\t\t\t\t\t\t<div class=\"elementor-container elementor-column-gap-default\">\n\t\t\t\t\t<div class=\"aux-parallax-section elementor-column elementor-col-100 elementor-top-column elementor-element elementor-element-d2ca47f\" data-id=\"d2ca47f\" data-element_type=\"column\">\n\t\t\t<div class=\"elementor-widget-wrap elementor-element-populated\">\n\t\t\t\t\t\t<div class=\"elementor-element elementor-element-44347b0 elementor-widget elementor-widget-heading\" data-id=\"44347b0\" data-element_type=\"widget\" data-widget_type=\"heading.default\">\n\t\t\t\t<div class=\"elementor-widget-container\">\n\t\t\t<h2 class=\"elementor-heading-title elementor-size-default\">Wizyt\u00f3wki<\/h2>\t\t<\/div>\n\t\t\t\t<\/div>\n\t\t\t\t<div class=\"elementor-element elementor-element-fa13776 elementor-widget elementor-widget-text-editor\" data-id=\"fa13776\" data-element_type=\"widget\" data-widget_type=\"text-editor.default\">\n\t\t\t\t<div class=\"elementor-widget-container\">\n\t\t\t\t\t\t\t<p style=\"text-align: center;\">Czy to dla indywidualnego przedsi\u0119biorcy czy dla du\u017cego przedsi\u0119biorstwa, wizyt\u00f3wki s\u0105 wa\u017cnym narz\u0119dziem networkingowym. Oferujemy szeroki wyb\u00f3r kreatywnych rozwi\u0105za\u0144 projektowych oraz r\u00f3\u017cnorodne opcje wyko\u0144czenia, takie jak laminowanie czy hot-stamping, aby pom\u00f3c wyr\u00f3\u017cni\u0107 Pa\u0144stwa mark\u0119.<\/p>\t\t\t\t\t\t<\/div>\n\t\t\t\t<\/div>\n\t\t\t\t\t<\/div>\n\t\t<\/div>\n\t\t\t\t\t<\/div>\n\t\t<\/section>\n\t\t\t\t<section class=\"elementor-section elementor-top-section elementor-element elementor-element-3cf2a4b elementor-section-boxed elementor-section-height-default elementor-section-height-default\" data-id=\"3cf2a4b\" data-element_type=\"section\">\n\t\t\t\t\t\t<div class=\"elementor-container elementor-column-gap-default\">\n\t\t\t\t\t<div class=\"aux-parallax-section elementor-column elementor-col-100 elementor-top-column elementor-element elementor-element-cec1207\" data-id=\"cec1207\" data-element_type=\"column\">\n\t\t\t<div class=\"elementor-widget-wrap elementor-element-populated\">\n\t\t\t\t\t\t<div class=\"elementor-element elementor-element-d1e6ce4 elementor-widget elementor-widget-heading\" data-id=\"d1e6ce4\" data-element_type=\"widget\" data-widget_type=\"heading.default\">\n\t\t\t\t<div class=\"elementor-widget-container\">\n\t\t\t<h2 class=\"elementor-heading-title elementor-size-default\">Ulotki<\/h2>\t\t<\/div>\n\t\t\t\t<\/div>\n\t\t\t\t<div class=\"elementor-element elementor-element-ebd471e elementor-widget elementor-widget-text-editor\" data-id=\"ebd471e\" data-element_type=\"widget\" data-widget_type=\"text-editor.default\">\n\t\t\t\t<div class=\"elementor-widget-container\">\n\t\t\t\t\t\t\t<p style=\"text-align: center;\">Nasze us\u0142ugi druku obejmuj\u0105 r\u00f3wnie\u017c ulotki o r\u00f3\u017cnych rozmiarach i formatach. Bez wzgl\u0119du na to, czy potrzebuj\u0105 Pa\u0144stwo ulotek reklamowych, informacyjnych lub promocyjnych, dostarczymy Pa\u0144stwu materia\u0142y, kt\u00f3re efektywnie przyci\u0105gn\u0105 uwag\u0119 odbiorc\u00f3w.<\/p>\t\t\t\t\t\t<\/div>\n\t\t\t\t<\/div>\n\t\t\t\t\t<\/div>\n\t\t<\/div>\n\t\t\t\t\t<\/div>\n\t\t<\/section>\n\t\t\t\t<section class=\"elementor-section elementor-top-section elementor-element elementor-element-77cec35 elementor-section-boxed elementor-section-height-default elementor-section-height-default\" data-id=\"77cec35\" data-element_type=\"section\">\n\t\t\t\t\t\t<div class=\"elementor-container elementor-column-gap-default\">\n\t\t\t\t\t<div class=\"aux-parallax-section elementor-column elementor-col-100 elementor-top-column elementor-element elementor-element-54b3fa2\" data-id=\"54b3fa2\" data-element_type=\"column\">\n\t\t\t<div class=\"elementor-widget-wrap elementor-element-populated\">\n\t\t\t\t\t\t<div class=\"elementor-element elementor-element-a976271 elementor-widget elementor-widget-heading\" data-id=\"a976271\" data-element_type=\"widget\" data-widget_type=\"heading.default\">\n\t\t\t\t<div class=\"elementor-widget-container\">\n\t\t\t<h2 class=\"elementor-heading-title elementor-size-default\">Plakaty <\/h2>\t\t<\/div>\n\t\t\t\t<\/div>\n\t\t\t\t<div class=\"elementor-element elementor-element-951ba0d elementor-widget elementor-widget-text-editor\" data-id=\"951ba0d\" data-element_type=\"widget\" data-widget_type=\"text-editor.default\">\n\t\t\t\t<div class=\"elementor-widget-container\">\n\t\t\t\t\t\t\t<p style=\"text-align: center;\">Je\u015bli potrzebuj\u0105 Pa\u0144stwo du\u017cych plakat\u00f3w reklamowych lub dekoracyjnych, z nami mog\u0105 Pa\u0144stwo liczy\u0107 na doskona\u0142\u0105 jako\u015b\u0107 obraz\u00f3w, \u017cywe kolory i trwa\u0142e wydruki. Nasza technologia druku zapewnia wyrazisto\u015b\u0107 i precyzj\u0119, kt\u00f3re przyci\u0105gn\u0105 wzrok ka\u017cdego przechodnia.<\/p>\t\t\t\t\t\t<\/div>\n\t\t\t\t<\/div>\n\t\t\t\t\t<\/div>\n\t\t<\/div>\n\t\t\t\t\t<\/div>\n\t\t<\/section>\n\t\t\t\t<section class=\"elementor-section elementor-top-section elementor-element elementor-element-47fa38e elementor-section-boxed elementor-section-height-default elementor-section-height-default\" data-id=\"47fa38e\" data-element_type=\"section\">\n\t\t\t\t\t\t<div class=\"elementor-container elementor-column-gap-default\">\n\t\t\t\t\t<div class=\"aux-parallax-section elementor-column elementor-col-100 elementor-top-column elementor-element elementor-element-35eb977\" data-id=\"35eb977\" data-element_type=\"column\">\n\t\t\t<div class=\"elementor-widget-wrap elementor-element-populated\">\n\t\t\t\t\t\t<div class=\"elementor-element elementor-element-d36e0f4 elementor-widget elementor-widget-heading\" data-id=\"d36e0f4\" data-element_type=\"widget\" data-widget_type=\"heading.default\">\n\t\t\t\t<div class=\"elementor-widget-container\">\n\t\t\t<h2 class=\"elementor-heading-title elementor-size-default\">Druki samokopiuj\u0105ce<\/h2>\t\t<\/div>\n\t\t\t\t<\/div>\n\t\t\t\t<div class=\"elementor-element elementor-element-20ff598 elementor-widget elementor-widget-text-editor\" data-id=\"20ff598\" data-element_type=\"widget\" data-widget_type=\"text-editor.default\">\n\t\t\t\t<div class=\"elementor-widget-container\">\n\t\t\t\t\t\t\t<p style=\"text-align: center;\">Dostarczamy r\u00f3wnie\u017c druki samokopiuj\u0105ce, kt\u00f3re s\u0105 idealne dla firm potrzebuj\u0105cych kopii dokument\u00f3w lub formularzy. Zapewniamy wysok\u0105 jako\u015b\u0107 samokopii oraz wytrzyma\u0142e, wielokrotnego u\u017cytku samokopiuj\u0105ce.<\/p>\t\t\t\t\t\t<\/div>\n\t\t\t\t<\/div>\n\t\t\t\t<div class=\"elementor-element elementor-element-10ba0d0 elementor-widget elementor-widget-text-editor\" data-id=\"10ba0d0\" data-element_type=\"widget\" data-widget_type=\"text-editor.default\">\n\t\t\t\t<div class=\"elementor-widget-container\">\n\t\t\t\t\t\t\t<p style=\"text-align: center;\">Niezale\u017cnie od Pa\u0144stwa potrzeb, oferujemy kompleksowe us\u0142ugi druku, kt\u00f3re spe\u0142ni\u0105 Pa\u0144stwa oczekiwania. Nasz zesp\u00f3\u0142 do\u015bwiadczonych projektant\u00f3w i drukarzy jest got\u00f3w wsp\u00f3\u0142pracowa\u0107 z Pa\u0144stwem, aby dostarczy\u0107 materia\u0142y reklamowe najwy\u017cszej jako\u015bci. Skontaktuj si\u0119 z nami ju\u017c dzi\u015b, aby rozpocz\u0105\u0107 wsp\u00f3\u0142prac\u0119!<\/p>\t\t\t\t\t\t<\/div>\n\t\t\t\t<\/div>\n\t\t\t\t\t<\/div>\n\t\t<\/div>\n\t\t\t\t\t<\/div>\n\t\t<\/section>\n\t\t\t\t<section class=\"elementor-section elementor-top-section elementor-element elementor-element-c8ad76d elementor-section-boxed elementor-section-height-default elementor-section-height-default\" data-id=\"c8ad76d\" data-element_type=\"section\">\n\t\t\t\t\t\t<div class=\"elementor-container elementor-column-gap-default\">\n\t\t\t\t\t<div class=\"aux-parallax-section elementor-column elementor-col-100 elementor-top-column elementor-element elementor-element-ce30342\" data-id=\"ce30342\" data-element_type=\"column\">\n\t\t\t<div class=\"elementor-widget-wrap\">\n\t\t\t\t\t\t\t<\/div>\n\t\t<\/div>\n\t\t\t\t\t<\/div>\n\t\t<\/section>\n\t\t\t\t<\/div>\n\t\t","protected":false},"excerpt":{"rendered":"<p>KALENDARIA jednodzielne i tr\u00f3jdzielne 2024 ju\u017c w sprzeda\u017cy tel. 510 70 50 21 Druk Cyfrowy i Offsetowy: Profesjonalne Us\u0142ugi Druku Witamy na naszej stronie, gdzie zapewniamy wysokiej jako\u015bci us\u0142ugi druku cyfrowego i offsetowego. Jeste\u015bmy do\u015bwiadczonym dostawc\u0105 druku, specjalizuj\u0105cym si\u0119 w r\u00f3\u017cnorodnych materia\u0142ach reklamowych, takich jak wizyt\u00f3wki, ulotki, plakaty, druki samokopiuj\u0105ce i wiele innych. Dzi\u0119ki naszej [&hellip;]<\/p>\n","protected":false},"author":1,"featured_media":0,"parent":0,"menu_order":0,"comment_status":"closed","ping_status":"closed","template":"templates\/page-builder-content.php","meta":[],"_links":{"self":[{"href":"https:\/\/www.drukarniarapida.pl\/index.php\/wp-json\/wp\/v2\/pages\/45"}],"collection":[{"href":"https:\/\/www.drukarniarapida.pl\/index.php\/wp-json\/wp\/v2\/pages"}],"about":[{"href":"https:\/\/www.drukarniarapida.pl\/index.php\/wp-json\/wp\/v2\/types\/page"}],"author":[{"embeddable":true,"href":"https:\/\/www.drukarniarapida.pl\/index.php\/wp-json\/wp\/v2\/users\/1"}],"replies":[{"embeddable":true,"href":"https:\/\/www.drukarniarapida.pl\/index.php\/wp-json\/wp\/v2\/comments?post=45"}],"version-history":[{"count":15,"href":"https:\/\/www.drukarniarapida.pl\/index.php\/wp-json\/wp\/v2\/pages\/45\/revisions"}],"predecessor-version":[{"id":100,"href":"https:\/\/www.drukarniarapida.pl\/index.php\/wp-json\/wp\/v2\/pages\/45\/revisions\/100"}],"wp:attachment":[{"href":"https:\/\/www.drukarniarapida.pl\/index.php\/wp-json\/wp\/v2\/media?parent=45"}],"curies":[{"name":"wp","href":"https:\/\/api.w.org\/{rel}","templated":true}]}}